{"id":626,"date":"2024-04-23T16:55:39","date_gmt":"2024-04-23T15:55:39","guid":{"rendered":"https:\/\/develoco.group\/?post_type=product&#038;p=626"},"modified":"2026-04-07T11:27:34","modified_gmt":"2026-04-07T10:27:34","slug":"courtyard-platinum","status":"publish","type":"product","link":"https:\/\/develoco.group\/index.php\/product\/courtyard-platinum\/","title":{"rendered":"Courtyard Platinum"},"content":{"rendered":"\t\t<div data-elementor-type=\"wp-post\" data-elementor-id=\"626\" class=\"elementor elementor-626\" data-elementor-post-type=\"product\">\n\t\t\t\t<div class=\"elementor-element elementor-element-8fe203a e-flex e-con-boxed e-con e-parent\" data-id=\"8fe203a\" data-element_type=\"container\">\n\t\t\t\t\t<div class=\"e-con-inner\">\n\t\t\t\t<div class=\"elementor-element elementor-element-86cc266 elementor-arrows-position-inside elementor-pagination-position-outside elementor-widget elementor-widget-image-carousel\" data-id=\"86cc266\" data-element_type=\"widget\" data-settings=\"{&quot;navigation&quot;:&quot;both&quot;,&quot;autoplay&quot;:&quot;yes&quot;,&quot;pause_on_hover&quot;:&quot;yes&quot;,&quot;pause_on_interaction&quot;:&quot;yes&quot;,&quot;autoplay_speed&quot;:5000,&quot;infinite&quot;:&quot;yes&quot;,&quot;speed&quot;:500}\" data-widget_type=\"image-carousel.default\">\n\t\t\t\t<div class=\"elementor-widget-container\">\n\t\t\t\t\t<div class=\"elementor-image-carousel-wrapper swiper\" dir=\"ltr\">\n\t\t\t<div class=\"elementor-image-carousel swiper-wrapper\" aria-live=\"off\">\n\t\t\t\t\t\t\t\t<div class=\"swiper-slide\" role=\"group\" aria-roledescription=\"slide\" aria-label=\"1 of 13\"><figure class=\"swiper-slide-inner\"><img decoding=\"async\" class=\"swiper-slide-image\" src=\"https:\/\/develoco.group\/wp-content\/uploads\/2024\/04\/a--768x427.jpg\" alt=\"Courtyard Platinum\" \/><\/figure><\/div><div class=\"swiper-slide\" role=\"group\" aria-roledescription=\"slide\" aria-label=\"2 of 13\"><figure class=\"swiper-slide-inner\"><img decoding=\"async\" class=\"swiper-slide-image\" src=\"https:\/\/develoco.group\/wp-content\/uploads\/2024\/04\/b-768x432.jpg\" alt=\"Courtyard Platinum\" \/><\/figure><\/div><div class=\"swiper-slide\" role=\"group\" aria-roledescription=\"slide\" aria-label=\"3 of 13\"><figure class=\"swiper-slide-inner\"><img decoding=\"async\" class=\"swiper-slide-image\" src=\"https:\/\/develoco.group\/wp-content\/uploads\/2024\/04\/f-768x469.jpg\" alt=\"Courtyard Platinum\" \/><\/figure><\/div><div class=\"swiper-slide\" role=\"group\" aria-roledescription=\"slide\" aria-label=\"4 of 13\"><figure class=\"swiper-slide-inner\"><img decoding=\"async\" class=\"swiper-slide-image\" src=\"https:\/\/develoco.group\/wp-content\/uploads\/2024\/04\/h-768x469.jpg\" alt=\"Courtyard Platinum\" \/><\/figure><\/div><div class=\"swiper-slide\" role=\"group\" aria-roledescription=\"slide\" aria-label=\"5 of 13\"><figure class=\"swiper-slide-inner\"><img decoding=\"async\" class=\"swiper-slide-image\" src=\"https:\/\/develoco.group\/wp-content\/uploads\/2024\/04\/i-768x427.jpg\" alt=\"Courtyard Platinum\" \/><\/figure><\/div><div class=\"swiper-slide\" role=\"group\" aria-roledescription=\"slide\" aria-label=\"6 of 13\"><figure class=\"swiper-slide-inner\"><img decoding=\"async\" class=\"swiper-slide-image\" src=\"https:\/\/develoco.group\/wp-content\/uploads\/2024\/04\/4-Medium-1.jpg-768x432.webp\" alt=\"courtyard-platinum\" \/><\/figure><\/div><div class=\"swiper-slide\" role=\"group\" aria-roledescription=\"slide\" aria-label=\"7 of 13\"><figure class=\"swiper-slide-inner\"><img decoding=\"async\" class=\"swiper-slide-image\" src=\"https:\/\/develoco.group\/wp-content\/uploads\/2024\/04\/5-Medium-1.jpg.webp\" alt=\"courtyard-platinum\" \/><\/figure><\/div><div class=\"swiper-slide\" role=\"group\" aria-roledescription=\"slide\" aria-label=\"8 of 13\"><figure class=\"swiper-slide-inner\"><img decoding=\"async\" class=\"swiper-slide-image\" src=\"https:\/\/develoco.group\/wp-content\/uploads\/2024\/04\/5-Medium.jpeg-768x543.webp\" alt=\"courtyard-platinum\" \/><\/figure><\/div><div class=\"swiper-slide\" role=\"group\" aria-roledescription=\"slide\" aria-label=\"9 of 13\"><figure class=\"swiper-slide-inner\"><img decoding=\"async\" class=\"swiper-slide-image\" src=\"https:\/\/develoco.group\/wp-content\/uploads\/2024\/04\/6-Medium.jpg.webp\" alt=\"courtyard-platinum\" \/><\/figure><\/div><div class=\"swiper-slide\" role=\"group\" aria-roledescription=\"slide\" aria-label=\"10 of 13\"><figure class=\"swiper-slide-inner\"><img decoding=\"async\" class=\"swiper-slide-image\" src=\"https:\/\/develoco.group\/wp-content\/uploads\/2024\/04\/23-Medium.jpg-768x432.webp\" alt=\"courtyard-platinum\" \/><\/figure><\/div><div class=\"swiper-slide\" role=\"group\" aria-roledescription=\"slide\" aria-label=\"11 of 13\"><figure class=\"swiper-slide-inner\"><img decoding=\"async\" class=\"swiper-slide-image\" src=\"https:\/\/develoco.group\/wp-content\/uploads\/2024\/04\/36-Medium-768x434.jpg\" alt=\"courtyard-platinum\" \/><\/figure><\/div><div class=\"swiper-slide\" role=\"group\" aria-roledescription=\"slide\" aria-label=\"12 of 13\"><figure class=\"swiper-slide-inner\"><img decoding=\"async\" class=\"swiper-slide-image\" src=\"https:\/\/develoco.group\/wp-content\/uploads\/2024\/04\/7-Medium-768x434.jpg\" alt=\"Courtyard Platinum\" \/><\/figure><\/div><div class=\"swiper-slide\" role=\"group\" aria-roledescription=\"slide\" aria-label=\"13 of 13\"><figure class=\"swiper-slide-inner\"><img decoding=\"async\" class=\"swiper-slide-image\" src=\"https:\/\/develoco.group\/wp-content\/uploads\/2024\/04\/c-768x432.jpg\" alt=\"courtyard-platinum\" \/><\/figure><\/div>\t\t\t<\/div>\n\t\t\t\t\t\t\t\t\t\t\t\t<div class=\"elementor-swiper-button elementor-swiper-button-prev\" role=\"button\" tabindex=\"0\">\n\t\t\t\t\t\t<svg aria-hidden=\"true\" class=\"e-font-icon-svg e-eicon-chevron-left\" viewBox=\"0 0 1000 1000\" xmlns=\"http:\/\/www.w3.org\/2000\/svg\"><path d=\"M646 125C629 125 613 133 604 142L308 442C296 454 292 471 292 487 292 504 296 521 308 533L604 854C617 867 629 875 646 875 663 875 679 871 692 858 704 846 713 829 713 812 713 796 708 779 692 767L438 487 692 225C700 217 708 204 708 187 708 171 704 154 692 142 675 129 663 125 646 125Z\"><\/path><\/svg>\t\t\t\t\t<\/div>\n\t\t\t\t\t<div class=\"elementor-swiper-button elementor-swiper-button-next\" role=\"button\" tabindex=\"0\">\n\t\t\t\t\t\t<svg aria-hidden=\"true\" class=\"e-font-icon-svg e-eicon-chevron-right\" viewBox=\"0 0 1000 1000\" xmlns=\"http:\/\/www.w3.org\/2000\/svg\"><path d=\"M696 533C708 521 713 504 713 487 713 471 708 454 696 446L400 146C388 133 375 125 354 125 338 125 325 129 313 142 300 154 292 171 292 187 292 204 296 221 308 233L563 492 304 771C292 783 288 800 288 817 288 833 296 850 308 863 321 871 338 875 354 875 371 875 388 867 400 854L696 533Z\"><\/path><\/svg>\t\t\t\t\t<\/div>\n\t\t\t\t\n\t\t\t\t\t\t\t\t\t<div class=\"swiper-pagination\"><\/div>\n\t\t\t\t\t\t\t\t\t<\/div>\n\t\t\t\t<\/div>\n\t\t\t\t<\/div>\n\t\t\t\t<div class=\"elementor-element elementor-element-2ac23f41 elementor-widget elementor-widget-text-editor\" data-id=\"2ac23f41\" data-element_type=\"widget\" data-widget_type=\"text-editor.default\">\n\t\t\t\t<div class=\"elementor-widget-container\">\n\t\t\t\t\t\t\t<h2 class=\"panel-title\"><span style=\"color: #0000ff;\">Description<\/span><\/h2><p>North Cyprus\u2019s rising star, the \u0130skele region, introduces Courtyard Platinum, developed by the D\u00f6ve\u00e7 Group; offering comfort, luxury, and a privileged living experience.<br \/>The success and proven operating system of Courtyard Long Beach Holiday Resort have created long waiting lists, making investors smile and encouraging the D\u00f6ve\u00e7 Group to elevate this success to a higher level by creating an even more impressive project that will attract the same level of high demand.<\/p><p>The award-winning Courtyard concept has now transformed into a brand with its rapid value increase, high rental income, and success in achieving quality of life. While setting the standards in the Long Beach region with its 365-day vacation concept, Courtyard Platinum stands out with its enhanced original \u2018Courtyard\u2019 design, offering a wide sky angle and horizontal architecture.<\/p><p>Courtyard Platinum has been designed to provide the perfect balance of style and comfort in every apartment, offering living spaces suitable for every taste, with studio, 1+1, 2+1, and 3+1 options, as well as ground garden and rooftop duplex apartment types.<\/p><p>Three intertwined courtyards give the project a unique atmosphere, creating a privileged and peaceful living experience, while the project\u2019s magnificent landscape, large communal swimming pools, shopping street, restaurants, indoor pool, SPA, fitness center, picnic area, tennis and basketball courts provide an extensive social living area. Located just 600 meters from the Mediterranean coast, Courtyard Platinum offers easy access to the region\u2019s most beautiful beaches.<\/p><h3><span style=\"color: #0000ff;\">Courtyard Platinum has a strategic and excellent location in terms of transportation in North Cyprus;<\/span><\/h3><p>Our project is 50 km from Ercan Airport and only 80 km from Larnaca Airport, offering fast and convenient access for your international travels. One of the most popular and beautiful beaches in the region, Long Beach, is only 10 km away from the project, making it a great option for those who want to enjoy the sea and sun. Courtyard Platinum is located 15 km from Bafra Tourism Region, providing easy access to hotels, restaurants, and entertainment venues. Furthermore, Karpaz Gate Marina, which is 40 km away, is an ideal spot for yachting and sea enthusiasts. Our project is only 3 km from Bo\u011faz Fishing Harbor and 2 km from Bo\u011faz Public Beach, offering unique opportunities to enjoy nature and the sea. Courtyard Platinum\u2019s location provides a perfect balance for both vacation, living, and investment opportunities.<\/p><p>Courtyard Platinum residents can enjoy peace and comfort all year round in one of the region\u2019s most prestigious projects, while investors can seize the opportunity to invest in a luxurious project in one of the Mediterranean\u2019s most popular locations and have high potential in terms of investment returns.<\/p><p><span style=\"color: #0000ff;\"><strong>Studio Flat:<\/strong><\/span><br \/>\u2013 Living space: 36 sqm<br \/>\u2013 Balcony area: 7 sqm<br \/>\u2013 1 bathroom\/toilet<br \/>\u2013 1 WC<br \/>\u2013 1 room<br \/>\u2013 Parking for 1 vehicle<br \/>\u2013 Furnished<br \/>\u2013 Title Deed: Exchange<\/p><p><span style=\"color: #0000ff;\"><strong>1+1 Flat:<\/strong><\/span><br \/>\u2013 Living space: 61 sqm<br \/>\u2013 Balcony area: 12 sqm<br \/>\u2013 1 bathroom\/toilet<br \/>\u2013 1 separate toilet<br \/>\u2013 1 living room<br \/>\u2013 1 bedroom<br \/>\u2013 Parking for 1 vehicle<br \/>\u2013 Furnished<br \/>\u2013 Title Deed: Exchange<\/p><p><span style=\"color: #0000ff;\"><strong>2+1 Duplex:<\/strong><\/span><br \/>\u2013 Living space: 90 sqm<br \/>\u2013 Balcony area: 12 sqm<br \/>\u2013 2 bathrooms\/toilets<br \/>\u2013 2 rooms<br \/>\u2013 Parking for 1 vehicle<br \/>\u2013 Unfurnished<br \/>\u2013 Title Deed: Exchange<\/p><p><span style=\"color: #0000ff;\"><strong>3+1 Apartment:<\/strong><\/span><br \/>\u2013 Living space: 135 sqm<br \/>\u2013 Terrace area: 8 sqm<br \/>\u2013 Balcony area: 10 sqm<br \/>\u2013 2 bathrooms\/toilets<br \/>\u2013 1 additional toilet<br \/>\u2013 2 rooms<br \/>\u2013 Parking for 1 vehicle<br \/>\u2013 Unfurnished<br \/>\u2013 Title Deed: Exchange<\/p><p><span style=\"color: #0000ff;\"><strong>3+1 Duplex:<\/strong><\/span><br \/>\u2013 Living space: 145 sqm<br \/>\u2013 Balcony area: 10 sqm<br \/>\u2013 2 bathrooms\/toilets<br \/>\u2013 3 rooms<br \/>\u2013 Parking for 1 vehicle<br \/>\u2013 Unfurnished<br \/>\u2013 Title Deed: Exchange<\/p>\t\t\t\t\t\t<\/div>\n\t\t\t\t<\/div>\n\t\t\t\t<div class=\"elementor-element elementor-element-8ae0edb elementor-widget elementor-widget-avas-call-to-action\" data-id=\"8ae0edb\" data-element_type=\"widget\" data-widget_type=\"avas-call-to-action.default\">\n\t\t\t\t<div class=\"elementor-widget-container\">\n\t\t\t                <div class=\"tx-call-to-action cta-icon-flex bg-img\">\n        <div class=\"icon\">\n           \n                        \n        <\/div>\n        <div class=\"content\">\n            <h2 class=\"title\">CALL TO ACTION<\/h2>\n            <p><h5 style=\"text-align: left\"><span style=\"color: #ffffff\">Book in for your private tour of Develoco group today.<\/span><\/h5><\/p>\n        <\/div>\n                <div class=\"action\">\n           <a href=\"https:\/\/develoco.group\/index.php\/contact-us\/\" target=\"_self\" class=\"cta-button \">Contact Us<\/a>\n        <\/div>\n            <\/div>\n        \t\t<\/div>\n\t\t\t\t<\/div>\n\t\t\t\t\t<\/div>\n\t\t\t\t<\/div>\n\t\t<div class=\"elementor-element elementor-element-d75bf2e e-flex e-con-boxed e-con e-parent\" data-id=\"d75bf2e\" data-element_type=\"container\">\n\t\t\t\t\t<div class=\"e-con-inner\">\n\t\t\t\t<div class=\"elementor-element elementor-element-17c655f elementor-widget elementor-widget-avas-contact-form-7\" data-id=\"17c655f\" data-element_type=\"widget\" data-widget_type=\"avas-contact-form-7.default\">\n\t\t\t\t<div class=\"elementor-widget-container\">\n\t\t\t        \n                <div class=\"tx-contact-form-7\">\n\n           \n<div class=\"wpcf7 no-js\" id=\"wpcf7-f11-o1\" lang=\"en-GB\" dir=\"ltr\">\n<div class=\"screen-reader-response\"><p role=\"status\" aria-live=\"polite\" aria-atomic=\"true\"><\/p> <ul><\/ul><\/div>\n<form action=\"\/index.php\/wp-json\/wp\/v2\/product\/626#wpcf7-f11-o1\" method=\"post\" class=\"wpcf7-form init\" aria-label=\"Contact form\" novalidate=\"novalidate\" data-status=\"init\">\n<div style=\"display: none;\">\n<input type=\"hidden\" name=\"_wpcf7\" value=\"11\" \/>\n<input type=\"hidden\" name=\"_wpcf7_version\" value=\"5.9.8\" \/>\n<input type=\"hidden\" name=\"_wpcf7_locale\" value=\"en_GB\" \/>\n<input type=\"hidden\" name=\"_wpcf7_unit_tag\" value=\"wpcf7-f11-o1\" \/>\n<input type=\"hidden\" name=\"_wpcf7_container_post\" value=\"0\" \/>\n<input type=\"hidden\" name=\"_wpcf7_posted_data_hash\" value=\"\" \/>\n<\/div>\n<p><label> Your name<br \/>\n<span class=\"wpcf7-form-control-wrap\" data-name=\"your-name\"><input size=\"40\" maxlength=\"400\" class=\"wpcf7-form-control wpcf7-text wpcf7-validates-as-required\" autocomplete=\"name\" aria-required=\"true\" aria-invalid=\"false\" value=\"\" type=\"text\" name=\"your-name\" \/><\/span> <\/label>\n<\/p>\n<p><label> Your email<br \/>\n<span class=\"wpcf7-form-control-wrap\" data-name=\"your-email\"><input size=\"40\" maxlength=\"400\" class=\"wpcf7-form-control wpcf7-email wpcf7-validates-as-required wpcf7-text wpcf7-validates-as-email\" autocomplete=\"email\" aria-required=\"true\" aria-invalid=\"false\" value=\"\" type=\"email\" name=\"your-email\" \/><\/span> <\/label>\n<\/p>\n<p><label> Subject<br \/>\n<span class=\"wpcf7-form-control-wrap\" data-name=\"your-subject\"><input size=\"40\" maxlength=\"400\" class=\"wpcf7-form-control wpcf7-text wpcf7-validates-as-required\" aria-required=\"true\" aria-invalid=\"false\" value=\"\" type=\"text\" name=\"your-subject\" \/><\/span> <\/label>\n<\/p>\n<p><label> Your message (optional)<br \/>\n<span class=\"wpcf7-form-control-wrap\" data-name=\"your-message\"><textarea cols=\"40\" rows=\"10\" maxlength=\"2000\" class=\"wpcf7-form-control wpcf7-textarea\" aria-invalid=\"false\" name=\"your-message\"><\/textarea><\/span> <\/label>\n<\/p>\n<p><input class=\"wpcf7-form-control wpcf7-submit has-spinner\" type=\"submit\" value=\"Submit\" \/>\n<\/p><div class=\"wpcf7-response-output\" aria-hidden=\"true\"><\/div>\n<\/form>\n<\/div>\n       \n        <\/div><!-- tx-contact-form-7 -->\n        \n    \t\t<\/div>\n\t\t\t\t<\/div>\n\t\t\t\t\t<\/div>\n\t\t\t\t<\/div>\n\t\t\t\t<\/div>\n\t\t","protected":false},"excerpt":{"rendered":"<p class=\"tx-excerpt\">Description North Cyprus\u2019s rising star, the \u0130skele region, introduces Courtyard Platinum, developed by the D\u00f6ve\u00e7 Group; offering comfort, luxury, and a privileged living experience.The success and proven operating system of Courtyard Long Beach","protected":false},"featured_media":648,"comment_status":"open","ping_status":"closed","template":"","meta":{"om_disable_all_campaigns":false,"_monsterinsights_skip_tracking":false,"_monsterinsights_sitenote_active":false,"_monsterinsights_sitenote_note":"","_monsterinsights_sitenote_category":0},"product_cat":[30,27],"product_tag":[32,33,34],"aioseo_notices":[],"_links":{"self":[{"href":"https:\/\/develoco.group\/index.php\/wp-json\/wp\/v2\/product\/626"}],"collection":[{"href":"https:\/\/develoco.group\/index.php\/wp-json\/wp\/v2\/product"}],"about":[{"href":"https:\/\/develoco.group\/index.php\/wp-json\/wp\/v2\/types\/product"}],"replies":[{"embeddable":true,"href":"https:\/\/develoco.group\/index.php\/wp-json\/wp\/v2\/comments?post=626"}],"version-history":[{"count":18,"href":"https:\/\/develoco.group\/index.php\/wp-json\/wp\/v2\/product\/626\/revisions"}],"predecessor-version":[{"id":667,"href":"https:\/\/develoco.group\/index.php\/wp-json\/wp\/v2\/product\/626\/revisions\/667"}],"wp:featuredmedia":[{"embeddable":true,"href":"https:\/\/develoco.group\/index.php\/wp-json\/wp\/v2\/media\/648"}],"wp:attachment":[{"href":"https:\/\/develoco.group\/index.php\/wp-json\/wp\/v2\/media?parent=626"}],"wp:term":[{"taxonomy":"product_cat","embeddable":true,"href":"https:\/\/develoco.group\/index.php\/wp-json\/wp\/v2\/product_cat?post=626"},{"taxonomy":"product_tag","embeddable":true,"href":"https:\/\/develoco.group\/index.php\/wp-json\/wp\/v2\/product_tag?post=626"}],"curies":[{"name":"wp","href":"https:\/\/api.w.org\/{rel}","templated":true}]}}